{"id":38341,"date":"2023-06-21T13:31:09","date_gmt":"2023-06-21T13:31:09","guid":{"rendered":"https:\/\/www.mmf.dk\/karriereunivers\/?page_id=38341"},"modified":"2023-06-21T21:57:54","modified_gmt":"2023-06-21T21:57:54","slug":"loenberegner","status":"publish","type":"page","link":"https:\/\/www.mmf.dk\/karriereunivers\/loenberegner\/","title":{"rendered":"L\u00f8nberegner"},"content":{"rendered":"\t\t<div data-elementor-type=\"wp-page\" data-elementor-id=\"38341\" class=\"elementor elementor-38341\" data-elementor-post-type=\"page\">\n\t\t\t\t\t\t<section class=\"elementor-section elementor-top-section elementor-element elementor-element-6a59b5a elementor-section-full_width elementor-section-height-min-height elementor-section-content-middle elementor-section-height-default elementor-section-items-middle\" data-id=\"6a59b5a\" data-element_type=\"section\" data-settings=\"{&quot;background_background&quot;:&quot;classic&quot;}\">\n\t\t\t\t\t\t\t<div class=\"elementor-background-overlay\"><\/div>\n\t\t\t\t\t\t\t<div class=\"elementor-container elementor-column-gap-default\">\n\t\t\t\t\t<div class=\"elementor-column elementor-col-100 elementor-top-column elementor-element elementor-element-56e2569\" data-id=\"56e2569\" data-element_type=\"column\">\n\t\t\t<div class=\"elementor-widget-wrap elementor-element-populated\">\n\t\t\t\t\t\t<div class=\"elementor-element elementor-element-713e2e9 elementor-widget elementor-widget-heading\" data-id=\"713e2e9\" data-element_type=\"widget\" data-widget_type=\"heading.default\">\n\t\t\t\t<div class=\"elementor-widget-container\">\n\t\t\t<h2 class=\"elementor-heading-title elementor-size-default\">R\u00c5DGIVNING I FORBINDELSE MED<\/h2>\t\t<\/div>\n\t\t\t\t<\/div>\n\t\t\t\t<div class=\"elementor-element elementor-element-6fa5c2b elementor-widget elementor-widget-heading\" data-id=\"6fa5c2b\" data-element_type=\"widget\" data-widget_type=\"heading.default\">\n\t\t\t\t<div class=\"elementor-widget-container\">\n\t\t\t<h2 class=\"elementor-heading-title elementor-size-default\">L\u00d8N OG OVERENSKOMSTER<\/h2>\t\t<\/div>\n\t\t\t\t<\/div>\n\t\t\t\t<div class=\"elementor-element elementor-element-abda891 elementor-widget elementor-widget-button\" data-id=\"abda891\" data-element_type=\"widget\" data-widget_type=\"button.default\">\n\t\t\t\t<div class=\"elementor-widget-container\">\n\t\t\t\t\t<div class=\"elementor-button-wrapper\">\n\t\t\t<a class=\"elementor-button elementor-button-link elementor-size-sm\" href=\"https:\/\/www.mmf.dk\/karriereunivers\/find-dit-naeste-job\/\">\n\t\t\t\t\t\t<span class=\"elementor-button-content-wrapper\">\n\t\t\t\t\t\t<span class=\"elementor-button-text\">NYT JOB? TJEK MASKINMESTERJOB.DK<\/span>\n\t\t<\/span>\n\t\t\t\t\t<\/a>\n\t\t<\/div>\n\t\t\t\t<\/div>\n\t\t\t\t<\/div>\n\t\t\t\t\t<\/div>\n\t\t<\/div>\n\t\t\t\t\t<\/div>\n\t\t<\/section>\n\t\t\t\t<section class=\"elementor-section elementor-top-section elementor-element elementor-element-453aca3 elementor-section-boxed elementor-section-height-default elementor-section-height-default\" data-id=\"453aca3\" data-element_type=\"section\">\n\t\t\t\t\t\t<div class=\"elementor-container elementor-column-gap-default\">\n\t\t\t\t\t<div class=\"elementor-column elementor-col-50 elementor-top-column elementor-element elementor-element-4af7d0b\" data-id=\"4af7d0b\" data-element_type=\"column\">\n\t\t\t<div class=\"elementor-widget-wrap\">\n\t\t\t\t\t\t\t<\/div>\n\t\t<\/div>\n\t\t\t\t<div class=\"elementor-column elementor-col-50 elementor-top-column elementor-element elementor-element-6b6456c\" data-id=\"6b6456c\" data-element_type=\"column\">\n\t\t\t<div class=\"elementor-widget-wrap elementor-element-populated\">\n\t\t\t\t\t\t<div class=\"elementor-element elementor-element-693e329 elementor-widget__width-initial elementor-widget-mobile__width-initial elementor-absolute elementor-widget elementor-widget-image\" data-id=\"693e329\" data-element_type=\"widget\" data-settings=\"{&quot;_position&quot;:&quot;absolute&quot;}\" data-widget_type=\"image.default\">\n\t\t\t\t<div class=\"elementor-widget-container\">\n\t\t\t\t\t\t\t\t\t\t\t\t\t<img fetchpriority=\"high\" decoding=\"async\" width=\"453\" height=\"257\" src=\"https:\/\/www.mmf.dk\/karriereunivers\/wp-content\/uploads\/2022\/03\/Path-134.png\" class=\"attachment-full size-full wp-image-24823\" alt=\"\" srcset=\"https:\/\/www.mmf.dk\/karriereunivers\/wp-content\/uploads\/2022\/03\/Path-134.png 453w, https:\/\/www.mmf.dk\/karriereunivers\/wp-content\/uploads\/2022\/03\/Path-134-300x170.png 300w\" sizes=\"(max-width: 453px) 100vw, 453px\" \/>\t\t\t\t\t\t\t\t\t\t\t\t\t<\/div>\n\t\t\t\t<\/div>\n\t\t\t\t\t<\/div>\n\t\t<\/div>\n\t\t\t\t\t<\/div>\n\t\t<\/section>\n\t\t\t\t<section class=\"elementor-section elementor-top-section elementor-element elementor-element-4505648 elementor-section-full_width elementor-section-height-default elementor-section-height-default\" data-id=\"4505648\" data-element_type=\"section\" data-settings=\"{&quot;background_background&quot;:&quot;classic&quot;}\">\n\t\t\t\t\t\t<div class=\"elementor-container elementor-column-gap-default\">\n\t\t\t\t\t<div class=\"elementor-column elementor-col-100 elementor-top-column elementor-element elementor-element-3276c73\" data-id=\"3276c73\" data-element_type=\"column\">\n\t\t\t<div class=\"elementor-widget-wrap elementor-element-populated\">\n\t\t\t\t\t\t<section class=\"elementor-section elementor-inner-section elementor-element elementor-element-53fffc4 elementor-section-full_width elementor-section-height-default elementor-section-height-default\" data-id=\"53fffc4\" data-element_type=\"section\" data-settings=\"{&quot;background_background&quot;:&quot;classic&quot;,&quot;sticky&quot;:&quot;top&quot;,&quot;sticky_on&quot;:[&quot;desktop&quot;,&quot;tablet&quot;,&quot;mobile&quot;],&quot;sticky_offset&quot;:0,&quot;sticky_effects_offset&quot;:0}\">\n\t\t\t\t\t\t<div class=\"elementor-container elementor-column-gap-default\">\n\t\t\t\t\t<div class=\"elementor-column elementor-col-50 elementor-inner-column elementor-element elementor-element-1ab040f\" data-id=\"1ab040f\" data-element_type=\"column\">\n\t\t\t<div class=\"elementor-widget-wrap elementor-element-populated\">\n\t\t\t\t\t\t<div class=\"elementor-element elementor-element-079e389 elementor-view-default elementor-widget elementor-widget-icon\" data-id=\"079e389\" data-element_type=\"widget\" data-widget_type=\"icon.default\">\n\t\t\t\t<div class=\"elementor-widget-container\">\n\t\t\t\t\t<div class=\"elementor-icon-wrapper\">\n\t\t\t<a class=\"elementor-icon\" href=\"https:\/\/www.mmf.dk\/karriereunivers\/radgivning\/\">\n\t\t\t<svg xmlns=\"http:\/\/www.w3.org\/2000\/svg\" xmlns:xlink=\"http:\/\/www.w3.org\/1999\/xlink\" width=\"26\" height=\"26\" viewBox=\"0 0 26 26\"><defs><clipPath id=\"clip-path\"><rect id=\"Rectangle_799\" data-name=\"Rectangle 799\" width=\"26\" height=\"26\" transform=\"translate(0 -0.078)\" fill=\"none\" stroke=\"#fff\" stroke-width=\"0.9\"><\/rect><\/clipPath><\/defs><g id=\"Group_712\" data-name=\"Group 712\" transform=\"translate(-0.441 -0.227)\"><g id=\"Group_711\" data-name=\"Group 711\" transform=\"translate(0.441 0.305)\" clip-path=\"url(#clip-path)\"><path id=\"Path_403\" data-name=\"Path 403\" d=\"M24.881,12.691,12.691.5.5,12.691\" transform=\"translate(-0.536 -0.513)\" fill=\"none\" stroke=\"#fff\" stroke-linecap=\"round\" stroke-linejoin=\"round\" stroke-width=\"0.9\"><\/path><path id=\"Path_404\" data-name=\"Path 404\" d=\"M2.5,9.5V25.015H9.149V15.041H15.8v9.974h6.649V9.5\" transform=\"translate(-0.319 0.461)\" fill=\"none\" stroke=\"#fff\" stroke-linecap=\"round\" stroke-linejoin=\"round\" stroke-width=\"0.9\"><\/path><\/g><\/g><\/svg>\t\t\t<\/a>\n\t\t<\/div>\n\t\t\t\t<\/div>\n\t\t\t\t<\/div>\n\t\t\t\t\t<\/div>\n\t\t<\/div>\n\t\t\t\t<div class=\"elementor-column elementor-col-50 elementor-inner-column elementor-element elementor-element-a24f257\" data-id=\"a24f257\" data-element_type=\"column\">\n\t\t\t<div class=\"elementor-widget-wrap elementor-element-populated\">\n\t\t\t\t\t\t<div class=\"elementor-element elementor-element-8913105 elementor-nav-menu__align-start elementor-nav-menu--stretch suv-menu-drop elementor-nav-menu--dropdown-tablet elementor-nav-menu__text-align-aside elementor-nav-menu--toggle elementor-nav-menu--burger elementor-widget elementor-widget-nav-menu\" data-id=\"8913105\" data-element_type=\"widget\" data-settings=\"{&quot;full_width&quot;:&quot;stretch&quot;,&quot;layout&quot;:&quot;horizontal&quot;,&quot;submenu_icon&quot;:{&quot;value&quot;:&quot;&lt;i class=\\&quot;fas fa-caret-down\\&quot;&gt;&lt;\\\/i&gt;&quot;,&quot;library&quot;:&quot;fa-solid&quot;},&quot;toggle&quot;:&quot;burger&quot;}\" data-widget_type=\"nav-menu.default\">\n\t\t\t\t<div class=\"elementor-widget-container\">\n\t\t\t\t\t\t<nav class=\"elementor-nav-menu--main elementor-nav-menu__container elementor-nav-menu--layout-horizontal e--pointer-underline e--animation-fade\">\n\t\t\t\t<ul id=\"menu-1-8913105\" class=\"elementor-nav-menu\"><li class=\"menu-item menu-item-type-custom menu-item-object-custom menu-item-31331\"><a href=\"https:\/\/www.mmf.dk\/karriereunivers\/juridisk-sparring\/#raadgivning\" class=\"elementor-item elementor-item-anchor\">INDIVIDUEL R\u00c5DGIVNING<\/a><\/li>\n<li class=\"menu-item menu-item-type-custom menu-item-object-custom menu-item-31343\"><a href=\"https:\/\/www.mmf.dk\/karriereunivers\/juridisk-sparring\/#kontrakt\" class=\"elementor-item elementor-item-anchor\">ANS\u00c6TTELSE OG KONTRAKT<\/a><\/li>\n<li class=\"menu-item menu-item-type-custom menu-item-object-custom menu-item-31335\"><a href=\"https:\/\/www.mmf.dk\/karriereunivers\/juridisk-sparring\/klausuler1\" class=\"elementor-item\">KLAUSULER<\/a><\/li>\n<li class=\"menu-item menu-item-type-custom menu-item-object-custom menu-item-31336\"><a href=\"https:\/\/www.mmf.dk\/karriereunivers\/juridisk-sparring\/#loen-overenskomst\" class=\"elementor-item elementor-item-anchor\">L\u00d8N OG OVERENSKOMST<\/a><\/li>\n<li class=\"menu-item menu-item-type-custom menu-item-object-custom menu-item-31337\"><a href=\"https:\/\/www.mmf.dk\/karriereunivers\/juridisk-sparring\/#opsigelser\" class=\"elementor-item elementor-item-anchor\">OPSIGELSER<\/a><\/li>\n<li class=\"menu-item menu-item-type-custom menu-item-object-custom menu-item-31338\"><a href=\"https:\/\/www.mmf.dk\/karriereunivers\/juridisk-sparring\/#barsel\" class=\"elementor-item elementor-item-anchor\">BARSEL<\/a><\/li>\n<li class=\"menu-item menu-item-type-custom menu-item-object-custom menu-item-31339\"><a href=\"https:\/\/www.mmf.dk\/karriereunivers\/juridisk-sparring\/#arbejdsskade\" class=\"elementor-item elementor-item-anchor\">ARBEJDSSKADE<\/a><\/li>\n<li class=\"menu-item menu-item-type-custom menu-item-object-custom menu-item-31340\"><a href=\"https:\/\/www.mmf.dk\/karriereunivers\/juridisk-sparring\/#sygdom\" class=\"elementor-item elementor-item-anchor\">SYGDOM<\/a><\/li>\n<li class=\"menu-item menu-item-type-custom menu-item-object-custom menu-item-31341\"><a href=\"https:\/\/www.mmf.dk\/karriereunivers\/juridisk-sparring\/#ferie\" class=\"elementor-item elementor-item-anchor\">FERIE<\/a><\/li>\n<li class=\"menu-item menu-item-type-custom menu-item-object-custom menu-item-31342\"><a href=\"https:\/\/www.mmf.dk\/karriereunivers\/juridisk-sparring\/#selvstaendig\" class=\"elementor-item elementor-item-anchor\">SELVST\u00c6NDIG<\/a><\/li>\n<\/ul>\t\t\t<\/nav>\n\t\t\t\t\t<div class=\"elementor-menu-toggle\" role=\"button\" tabindex=\"0\" aria-label=\"Menuskift\" aria-expanded=\"false\">\n\t\t\t<i aria-hidden=\"true\" role=\"presentation\" class=\"elementor-menu-toggle__icon--open eicon-menu-bar\"><\/i><i aria-hidden=\"true\" role=\"presentation\" class=\"elementor-menu-toggle__icon--close eicon-close\"><\/i>\t\t\t<span class=\"elementor-screen-only\">Menu<\/span>\n\t\t<\/div>\n\t\t\t\t\t<nav class=\"elementor-nav-menu--dropdown elementor-nav-menu__container\" aria-hidden=\"true\">\n\t\t\t\t<ul id=\"menu-2-8913105\" class=\"elementor-nav-menu\"><li class=\"menu-item menu-item-type-custom menu-item-object-custom menu-item-31331\"><a href=\"https:\/\/www.mmf.dk\/karriereunivers\/juridisk-sparring\/#raadgivning\" class=\"elementor-item elementor-item-anchor\" tabindex=\"-1\">INDIVIDUEL R\u00c5DGIVNING<\/a><\/li>\n<li class=\"menu-item menu-item-type-custom menu-item-object-custom menu-item-31343\"><a href=\"https:\/\/www.mmf.dk\/karriereunivers\/juridisk-sparring\/#kontrakt\" class=\"elementor-item elementor-item-anchor\" tabindex=\"-1\">ANS\u00c6TTELSE OG KONTRAKT<\/a><\/li>\n<li class=\"menu-item menu-item-type-custom menu-item-object-custom menu-item-31335\"><a href=\"https:\/\/www.mmf.dk\/karriereunivers\/juridisk-sparring\/klausuler1\" class=\"elementor-item\" tabindex=\"-1\">KLAUSULER<\/a><\/li>\n<li class=\"menu-item menu-item-type-custom menu-item-object-custom menu-item-31336\"><a href=\"https:\/\/www.mmf.dk\/karriereunivers\/juridisk-sparring\/#loen-overenskomst\" class=\"elementor-item elementor-item-anchor\" tabindex=\"-1\">L\u00d8N OG OVERENSKOMST<\/a><\/li>\n<li class=\"menu-item menu-item-type-custom menu-item-object-custom menu-item-31337\"><a href=\"https:\/\/www.mmf.dk\/karriereunivers\/juridisk-sparring\/#opsigelser\" class=\"elementor-item elementor-item-anchor\" tabindex=\"-1\">OPSIGELSER<\/a><\/li>\n<li class=\"menu-item menu-item-type-custom menu-item-object-custom menu-item-31338\"><a href=\"https:\/\/www.mmf.dk\/karriereunivers\/juridisk-sparring\/#barsel\" class=\"elementor-item elementor-item-anchor\" tabindex=\"-1\">BARSEL<\/a><\/li>\n<li class=\"menu-item menu-item-type-custom menu-item-object-custom menu-item-31339\"><a href=\"https:\/\/www.mmf.dk\/karriereunivers\/juridisk-sparring\/#arbejdsskade\" class=\"elementor-item elementor-item-anchor\" tabindex=\"-1\">ARBEJDSSKADE<\/a><\/li>\n<li class=\"menu-item menu-item-type-custom menu-item-object-custom menu-item-31340\"><a href=\"https:\/\/www.mmf.dk\/karriereunivers\/juridisk-sparring\/#sygdom\" class=\"elementor-item elementor-item-anchor\" tabindex=\"-1\">SYGDOM<\/a><\/li>\n<li class=\"menu-item menu-item-type-custom menu-item-object-custom menu-item-31341\"><a href=\"https:\/\/www.mmf.dk\/karriereunivers\/juridisk-sparring\/#ferie\" class=\"elementor-item elementor-item-anchor\" tabindex=\"-1\">FERIE<\/a><\/li>\n<li class=\"menu-item menu-item-type-custom menu-item-object-custom menu-item-31342\"><a href=\"https:\/\/www.mmf.dk\/karriereunivers\/juridisk-sparring\/#selvstaendig\" class=\"elementor-item elementor-item-anchor\" tabindex=\"-1\">SELVST\u00c6NDIG<\/a><\/li>\n<\/ul>\t\t\t<\/nav>\n\t\t\t\t<\/div>\n\t\t\t\t<\/div>\n\t\t\t\t\t<\/div>\n\t\t<\/div>\n\t\t\t\t\t<\/div>\n\t\t<\/section>\n\t\t\t\t\t<\/div>\n\t\t<\/div>\n\t\t\t\t\t<\/div>\n\t\t<\/section>\n\t\t\t\t<section class=\"elementor-section elementor-top-section elementor-element elementor-element-9cadd25 elementor-section-full_width elementor-section-height-default elementor-section-height-default\" data-id=\"9cadd25\" data-element_type=\"section\" id=\"lon\" data-settings=\"{&quot;background_background&quot;:&quot;classic&quot;}\">\n\t\t\t\t\t\t<div class=\"elementor-container elementor-column-gap-default\">\n\t\t\t\t\t<div class=\"elementor-column elementor-col-100 elementor-top-column elementor-element elementor-element-9084f12 elementor-section-boxed\" data-id=\"9084f12\" data-element_type=\"column\" data-settings=\"{&quot;background_background&quot;:&quot;classic&quot;}\">\n\t\t\t<div class=\"elementor-widget-wrap elementor-element-populated\">\n\t\t\t\t\t\t<div class=\"elementor-element elementor-element-41ae421 elementor-widget elementor-widget-html\" data-id=\"41ae421\" data-element_type=\"widget\" data-widget_type=\"html.default\">\n\t\t\t\t<div class=\"elementor-widget-container\">\n\t\t\t<iframe src=\"\/\/mmf-salary.viscom.dk\"\r\n        scrolling=\"no\" frameborder=\"0\"\r\n        style=\"width: 100%; height: auto;\"\r\n        id=\"iframe\">\r\n    <\/iframe>\r\n    \r\n     <script> \r\n        \/\/ Auto-height and scroll\r\n        window.addEventListener('message', function(event)\r\n            {\r\n            if(event.data.event_id === 'vas-height')\r\n                {\r\n                $(\"#iframe\").height(event.data.data.height);\r\n                }\r\n            if(event.data.event_id === 'vas-scroll')\r\n                {\r\n                $(\"html, body\").animate({ scrollTop: $(event.data.data.scroll).offset().top + event.data.data.offset }, 1000);\r\n                }\r\n            console.log(event.data.data);\r\n            });\r\n    <\/script> \t\t<\/div>\n\t\t\t\t<\/div>\n\t\t\t\t<div class=\"elementor-element elementor-element-bc60418 elementor-widget elementor-widget-spacer\" data-id=\"bc60418\" data-element_type=\"widget\" data-widget_type=\"spacer.default\">\n\t\t\t\t<div class=\"elementor-widget-container\">\n\t\t\t\t\t<div class=\"elementor-spacer\">\n\t\t\t<div class=\"elementor-spacer-inner\"><\/div>\n\t\t<\/div>\n\t\t\t\t<\/div>\n\t\t\t\t<\/div>\n\t\t\t\t\t<\/div>\n\t\t<\/div>\n\t\t\t\t\t<\/div>\n\t\t<\/section>\n\t\t\t\t<\/div>\n\t\t","protected":false},"excerpt":{"rendered":"<p>R\u00c5DGIVNING I FORBINDELSE MED L\u00d8N OG OVERENSKOMSTER NYT JOB? TJEK MASKINMESTERJOB.DK<\/p>\n","protected":false},"author":2,"featured_media":0,"parent":0,"menu_order":0,"comment_status":"closed","ping_status":"closed","template":"","meta":{"_eb_attr":"","footnotes":"","_expiration-date-status":"","_expiration-date":1687377450,"_expiration-date-type":"draft","_expiration-date-categories":[],"_expiration-date-options":[]},"class_list":["post-38341","page","type-page","status-publish","hentry"],"yoast_head":"<!-- This site is optimized with the Yoast SEO plugin v24.2 - https:\/\/yoast.com\/wordpress\/plugins\/seo\/ -->\n<title>L\u00f8nberegner - Maskinmestrenes Forening<\/title>\n<meta name=\"robots\" content=\"index, follow, max-snippet:-1, max-image-preview:large, max-video-preview:-1\" \/>\n<link rel=\"canonical\" href=\"https:\/\/www.mmf.dk\/karriereunivers\/loenberegner\/\" \/>\n<meta property=\"og:locale\" content=\"da_DK\" \/>\n<meta property=\"og:type\" content=\"article\" \/>\n<meta property=\"og:title\" content=\"L\u00f8nberegner - Maskinmestrenes Forening\" \/>\n<meta property=\"og:description\" content=\"R\u00c5DGIVNING I FORBINDELSE MED L\u00d8N OG OVERENSKOMSTER NYT JOB? TJEK MASKINMESTERJOB.DK\" \/>\n<meta property=\"og:url\" content=\"https:\/\/www.mmf.dk\/karriereunivers\/loenberegner\/\" \/>\n<meta property=\"og:site_name\" content=\"Maskinmestrenes Forening\" \/>\n<meta property=\"article:modified_time\" content=\"2023-06-21T21:57:54+00:00\" \/>\n<meta property=\"og:image\" content=\"https:\/\/www.mmf.dk\/karriereunivers\/wp-content\/uploads\/2022\/03\/Path-134.png\" \/>\n<meta name=\"twitter:card\" content=\"summary_large_image\" \/>\n<meta name=\"twitter:label1\" content=\"Estimeret l\u00e6setid\" \/>\n\t<meta name=\"twitter:data1\" content=\"1 minut\" \/>\n<script type=\"application\/ld+json\" class=\"yoast-schema-graph\">{\"@context\":\"https:\/\/schema.org\",\"@graph\":[{\"@type\":\"WebPage\",\"@id\":\"https:\/\/www.mmf.dk\/karriereunivers\/loenberegner\/\",\"url\":\"https:\/\/www.mmf.dk\/karriereunivers\/loenberegner\/\",\"name\":\"L\u00f8nberegner - Maskinmestrenes Forening\",\"isPartOf\":{\"@id\":\"https:\/\/www.mmf.dk\/karriereunivers\/#website\"},\"primaryImageOfPage\":{\"@id\":\"https:\/\/www.mmf.dk\/karriereunivers\/loenberegner\/#primaryimage\"},\"image\":{\"@id\":\"https:\/\/www.mmf.dk\/karriereunivers\/loenberegner\/#primaryimage\"},\"thumbnailUrl\":\"https:\/\/www.mmf.dk\/karriereunivers\/wp-content\/uploads\/2022\/03\/Path-134.png\",\"datePublished\":\"2023-06-21T13:31:09+00:00\",\"dateModified\":\"2023-06-21T21:57:54+00:00\",\"breadcrumb\":{\"@id\":\"https:\/\/www.mmf.dk\/karriereunivers\/loenberegner\/#breadcrumb\"},\"inLanguage\":\"da-DK\",\"potentialAction\":[{\"@type\":\"ReadAction\",\"target\":[\"https:\/\/www.mmf.dk\/karriereunivers\/loenberegner\/\"]}]},{\"@type\":\"ImageObject\",\"inLanguage\":\"da-DK\",\"@id\":\"https:\/\/www.mmf.dk\/karriereunivers\/loenberegner\/#primaryimage\",\"url\":\"https:\/\/www.mmf.dk\/karriereunivers\/wp-content\/uploads\/2022\/03\/Path-134.png\",\"contentUrl\":\"https:\/\/www.mmf.dk\/karriereunivers\/wp-content\/uploads\/2022\/03\/Path-134.png\",\"width\":453,\"height\":257},{\"@type\":\"BreadcrumbList\",\"@id\":\"https:\/\/www.mmf.dk\/karriereunivers\/loenberegner\/#breadcrumb\",\"itemListElement\":[{\"@type\":\"ListItem\",\"position\":1,\"name\":\"Forside\",\"item\":\"https:\/\/www.mmf.dk\/karriereunivers\/\"},{\"@type\":\"ListItem\",\"position\":2,\"name\":\"L\u00f8nberegner\"}]},{\"@type\":\"WebSite\",\"@id\":\"https:\/\/www.mmf.dk\/karriereunivers\/#website\",\"url\":\"https:\/\/www.mmf.dk\/karriereunivers\/\",\"name\":\"Maskinmestrenes Forening\",\"description\":\"\",\"publisher\":{\"@id\":\"https:\/\/www.mmf.dk\/karriereunivers\/#organization\"},\"potentialAction\":[{\"@type\":\"SearchAction\",\"target\":{\"@type\":\"EntryPoint\",\"urlTemplate\":\"https:\/\/www.mmf.dk\/karriereunivers\/?s={search_term_string}\"},\"query-input\":{\"@type\":\"PropertyValueSpecification\",\"valueRequired\":true,\"valueName\":\"search_term_string\"}}],\"inLanguage\":\"da-DK\"},{\"@type\":\"Organization\",\"@id\":\"https:\/\/www.mmf.dk\/karriereunivers\/#organization\",\"name\":\"Maskinmestrenes Forening\",\"url\":\"https:\/\/www.mmf.dk\/karriereunivers\/\",\"logo\":{\"@type\":\"ImageObject\",\"inLanguage\":\"da-DK\",\"@id\":\"https:\/\/www.mmf.dk\/karriereunivers\/#\/schema\/logo\/image\/\",\"url\":\"https:\/\/www.mmf.dk\/karriereunivers\/wp-content\/uploads\/2022\/03\/logo.svg\",\"contentUrl\":\"https:\/\/www.mmf.dk\/karriereunivers\/wp-content\/uploads\/2022\/03\/logo.svg\",\"width\":1,\"height\":1,\"caption\":\"Maskinmestrenes Forening\"},\"image\":{\"@id\":\"https:\/\/www.mmf.dk\/karriereunivers\/#\/schema\/logo\/image\/\"}}]}<\/script>\n<!-- \/ Yoast SEO plugin. -->","yoast_head_json":{"title":"L\u00f8nberegner - Maskinmestrenes Forening","robots":{"index":"index","follow":"follow","max-snippet":"max-snippet:-1","max-image-preview":"max-image-preview:large","max-video-preview":"max-video-preview:-1"},"canonical":"https:\/\/www.mmf.dk\/karriereunivers\/loenberegner\/","og_locale":"da_DK","og_type":"article","og_title":"L\u00f8nberegner - Maskinmestrenes Forening","og_description":"R\u00c5DGIVNING I FORBINDELSE MED L\u00d8N OG OVERENSKOMSTER NYT JOB? TJEK MASKINMESTERJOB.DK","og_url":"https:\/\/www.mmf.dk\/karriereunivers\/loenberegner\/","og_site_name":"Maskinmestrenes Forening","article_modified_time":"2023-06-21T21:57:54+00:00","og_image":[{"url":"https:\/\/www.mmf.dk\/karriereunivers\/wp-content\/uploads\/2022\/03\/Path-134.png","type":"","width":"","height":""}],"twitter_card":"summary_large_image","twitter_misc":{"Estimeret l\u00e6setid":"1 minut"},"schema":{"@context":"https:\/\/schema.org","@graph":[{"@type":"WebPage","@id":"https:\/\/www.mmf.dk\/karriereunivers\/loenberegner\/","url":"https:\/\/www.mmf.dk\/karriereunivers\/loenberegner\/","name":"L\u00f8nberegner - Maskinmestrenes Forening","isPartOf":{"@id":"https:\/\/www.mmf.dk\/karriereunivers\/#website"},"primaryImageOfPage":{"@id":"https:\/\/www.mmf.dk\/karriereunivers\/loenberegner\/#primaryimage"},"image":{"@id":"https:\/\/www.mmf.dk\/karriereunivers\/loenberegner\/#primaryimage"},"thumbnailUrl":"https:\/\/www.mmf.dk\/karriereunivers\/wp-content\/uploads\/2022\/03\/Path-134.png","datePublished":"2023-06-21T13:31:09+00:00","dateModified":"2023-06-21T21:57:54+00:00","breadcrumb":{"@id":"https:\/\/www.mmf.dk\/karriereunivers\/loenberegner\/#breadcrumb"},"inLanguage":"da-DK","potentialAction":[{"@type":"ReadAction","target":["https:\/\/www.mmf.dk\/karriereunivers\/loenberegner\/"]}]},{"@type":"ImageObject","inLanguage":"da-DK","@id":"https:\/\/www.mmf.dk\/karriereunivers\/loenberegner\/#primaryimage","url":"https:\/\/www.mmf.dk\/karriereunivers\/wp-content\/uploads\/2022\/03\/Path-134.png","contentUrl":"https:\/\/www.mmf.dk\/karriereunivers\/wp-content\/uploads\/2022\/03\/Path-134.png","width":453,"height":257},{"@type":"BreadcrumbList","@id":"https:\/\/www.mmf.dk\/karriereunivers\/loenberegner\/#breadcrumb","itemListElement":[{"@type":"ListItem","position":1,"name":"Forside","item":"https:\/\/www.mmf.dk\/karriereunivers\/"},{"@type":"ListItem","position":2,"name":"L\u00f8nberegner"}]},{"@type":"WebSite","@id":"https:\/\/www.mmf.dk\/karriereunivers\/#website","url":"https:\/\/www.mmf.dk\/karriereunivers\/","name":"Maskinmestrenes Forening","description":"","publisher":{"@id":"https:\/\/www.mmf.dk\/karriereunivers\/#organization"},"potentialAction":[{"@type":"SearchAction","target":{"@type":"EntryPoint","urlTemplate":"https:\/\/www.mmf.dk\/karriereunivers\/?s={search_term_string}"},"query-input":{"@type":"PropertyValueSpecification","valueRequired":true,"valueName":"search_term_string"}}],"inLanguage":"da-DK"},{"@type":"Organization","@id":"https:\/\/www.mmf.dk\/karriereunivers\/#organization","name":"Maskinmestrenes Forening","url":"https:\/\/www.mmf.dk\/karriereunivers\/","logo":{"@type":"ImageObject","inLanguage":"da-DK","@id":"https:\/\/www.mmf.dk\/karriereunivers\/#\/schema\/logo\/image\/","url":"https:\/\/www.mmf.dk\/karriereunivers\/wp-content\/uploads\/2022\/03\/logo.svg","contentUrl":"https:\/\/www.mmf.dk\/karriereunivers\/wp-content\/uploads\/2022\/03\/logo.svg","width":1,"height":1,"caption":"Maskinmestrenes Forening"},"image":{"@id":"https:\/\/www.mmf.dk\/karriereunivers\/#\/schema\/logo\/image\/"}}]}},"_links":{"self":[{"href":"https:\/\/www.mmf.dk\/karriereunivers\/wp-json\/wp\/v2\/pages\/38341"}],"collection":[{"href":"https:\/\/www.mmf.dk\/karriereunivers\/wp-json\/wp\/v2\/pages"}],"about":[{"href":"https:\/\/www.mmf.dk\/karriereunivers\/wp-json\/wp\/v2\/types\/page"}],"author":[{"embeddable":true,"href":"https:\/\/www.mmf.dk\/karriereunivers\/wp-json\/wp\/v2\/users\/2"}],"replies":[{"embeddable":true,"href":"https:\/\/www.mmf.dk\/karriereunivers\/wp-json\/wp\/v2\/comments?post=38341"}],"version-history":[{"count":11,"href":"https:\/\/www.mmf.dk\/karriereunivers\/wp-json\/wp\/v2\/pages\/38341\/revisions"}],"predecessor-version":[{"id":38352,"href":"https:\/\/www.mmf.dk\/karriereunivers\/wp-json\/wp\/v2\/pages\/38341\/revisions\/38352"}],"wp:attachment":[{"href":"https:\/\/www.mmf.dk\/karriereunivers\/wp-json\/wp\/v2\/media?parent=38341"}],"curies":[{"name":"wp","href":"https:\/\/api.w.org\/{rel}","templated":true}]}}