{"id":5066,"date":"2020-12-23T12:18:25","date_gmt":"2020-12-23T12:18:25","guid":{"rendered":"http:\/\/18.159.34.149\/?page_id=5066"},"modified":"2021-10-14T13:33:55","modified_gmt":"2021-10-14T13:33:55","slug":"pfa-pension","status":"publish","type":"page","link":"https:\/\/www.mmf.dk\/karriereunivers\/medlemsfordele\/pfa-pension\/","title":{"rendered":"PFA Pension"},"content":{"rendered":"\t\t<div data-elementor-type=\"wp-page\" data-elementor-id=\"5066\" class=\"elementor elementor-5066\" data-elementor-post-type=\"page\">\n\t\t\t\t\t\t<section class=\"elementor-section elementor-top-section elementor-element elementor-element-70969a64 elementor-section-boxed elementor-section-height-default elementor-section-height-default\" data-id=\"70969a64\" data-element_type=\"section\" data-settings=\"{&quot;background_background&quot;:&quot;classic&quot;}\">\n\t\t\t\t\t\t<div class=\"elementor-container elementor-column-gap-no\">\n\t\t\t\t\t<div class=\"elementor-column elementor-col-100 elementor-top-column elementor-element elementor-element-4130ed91 home-banner\" data-id=\"4130ed91\" data-element_type=\"column\">\n\t\t\t<div class=\"elementor-widget-wrap\">\n\t\t\t\t\t\t\t<\/div>\n\t\t<\/div>\n\t\t\t\t\t<\/div>\n\t\t<\/section>\n\t\t\t\t<section class=\"elementor-section elementor-top-section elementor-element elementor-element-54ca0f04 elementor-section-boxed elementor-section-height-default elementor-section-height-default\" data-id=\"54ca0f04\" data-element_type=\"section\" data-settings=\"{&quot;background_background&quot;:&quot;classic&quot;}\">\n\t\t\t\t\t\t<div class=\"elementor-container elementor-column-gap-no\">\n\t\t\t\t\t<div class=\"elementor-column elementor-col-100 elementor-top-column elementor-element elementor-element-29ee2e48 home-banner\" data-id=\"29ee2e48\" data-element_type=\"column\" data-settings=\"{&quot;background_background&quot;:&quot;classic&quot;}\">\n\t\t\t<div class=\"elementor-widget-wrap elementor-element-populated\">\n\t\t\t\t\t\t<section class=\"elementor-section elementor-inner-section elementor-element elementor-element-34ebf40b elementor-section-boxed elementor-section-height-default elementor-section-height-default\" data-id=\"34ebf40b\" data-element_type=\"section\">\n\t\t\t\t\t\t<div class=\"elementor-container elementor-column-gap-default\">\n\t\t\t\t\t<div class=\"elementor-column elementor-col-50 elementor-inner-column elementor-element elementor-element-6a12f039\" data-id=\"6a12f039\" data-element_type=\"column\">\n\t\t\t<div class=\"elementor-widget-wrap elementor-element-populated\">\n\t\t\t\t\t\t<div class=\"elementor-element elementor-element-56f8ea50 elementor-widget elementor-widget-heading\" data-id=\"56f8ea50\" data-element_type=\"widget\" data-widget_type=\"heading.default\">\n\t\t\t\t<div class=\"elementor-widget-container\">\n\t\t\t<h3 class=\"elementor-heading-title elementor-size-default\">PFA PENSION<\/h3>\t\t<\/div>\n\t\t\t\t<\/div>\n\t\t\t\t<div class=\"elementor-element elementor-element-58525fae elementor-widget elementor-widget-text-editor\" data-id=\"58525fae\" data-element_type=\"widget\" data-widget_type=\"text-editor.default\">\n\t\t\t\t<div class=\"elementor-widget-container\">\n\t\t\t\t\t\t\t<p>Vi samarbejder med PFA Pension om at levere den bedst mulige pensionsordning til dig. Vi har derfor sammensat en attraktiv og konkurrencedygtig pensionsordning.<\/p><p>Mange medlemmer har i dag deres pensionsordning i PFA, men pensionsordningen vil variere afh\u00e6ngigt af den enkeltes ans\u00e6ttelsesvilk\u00e5r. B\u00e5de privatansatte under rederiforeningerne, offentligt ansatte og \u00f8vrige privatansatte med pension i PFA har som udgangspunkt pensionsordningen PFA Plus.<\/p><p><strong>Fleksible forsikringer og egne investeringsvalg<br \/><\/strong>Med PFA Plus har du stor indflydelse p\u00e5, hvordan din pensionsordning skal skrues sammen. Du kan for eksempel v\u00e6lge, hvordan din opsparing skal investeres. N\u00e5r du v\u00e6lger, skal du tage stilling til din risikovillighed og hvilket afkast, du \u00f8nsker at g\u00e5 efter. Du har ogs\u00e5 mulighed for at justere dine forsikringsd\u00e6kninger, s\u00e5 de passer til dit liv.<\/p><p><strong>Tag stilling til din pension \u2013 det betaler sig\u00a0<br \/><\/strong>Som medlem af Maskinmestrenes Forening har du adgang til r\u00e5dgivning, uanset hvor i landet eller verden du befinder dig. Vi anbefaler, at du booker en samtale med en r\u00e5dgiver fra PFA cirka hvert tredje til femte \u00e5r, og n\u00e5r der sker \u00e6ndringer i dit liv. Det kan for eksempel v\u00e6re, at du er blevet gift eller skilt, at du har f\u00e5et b\u00f8rn eller har k\u00f8bt eller solgt bolig. P\u00e5 den m\u00e5de sikrer du, at din pension og forsikringer altid passer til dig og dine \u00f8nsker.<\/p><p>Du kan selv v\u00e6lge, om du \u00f8nsker r\u00e5dgivning via telefon og computer eller ansigt til ansigt. Er du maritimt ansat, kan du booke en r\u00e5dgivningssamtale p\u00e5 <a href=\"https:\/\/mitpfa.dk\/\" target=\"_blank\" rel=\"noopener\">mitpfa.dk<\/a>. Er du landansat, kan du booke en samtale p\u00e5\u00a0<a href=\"https:\/\/mit.pfa.dk\/\" target=\"_blank\" rel=\"noopener\">mitpfa.dk<\/a>. Du skal bruge NemID for at logge p\u00e5 bookingportalen. Har du ikke NemID, kan du ringe til PFA p\u00e5 tlf.: 3917 6019.\u00a0\u00a0<\/p><p><strong>Saml din opsparing og f\u00e5 overblik<br \/><\/strong>Hvis du har flere pensionsordninger, kan det v\u00e6re en fordel at samle dine opsparinger i PFA. Det giver et bedre overblik, og du kan ofte spare penge, fordi du kun skal betale administrationsomkostninger et sted. Tal med din pensionsr\u00e5dgiver om, hvad der bedst kan betale sig for dig.<\/p><p><strong>Vil du oprette en frivillig ordning?<br \/><\/strong>Vi har sammen med PFA Pension udarbejdet en frivillig rammeaftale, som er et tilbud til medlemmer uden pensionsordning. Dette tilbud vil for eksempel v\u00e6re interessant for dig, der sejler under fremmed flag og ikke automatisk er omfattet af en pensionsordning.<\/p>\t\t\t\t\t\t<\/div>\n\t\t\t\t<\/div>\n\t\t\t\t\t<\/div>\n\t\t<\/div>\n\t\t\t\t<div class=\"elementor-column elementor-col-50 elementor-inner-column elementor-element elementor-element-3b7825f home-banner\" data-id=\"3b7825f\" data-element_type=\"column\" data-settings=\"{&quot;background_background&quot;:&quot;classic&quot;}\">\n\t\t\t<div class=\"elementor-widget-wrap elementor-element-populated\">\n\t\t\t\t\t\t<section class=\"elementor-section elementor-inner-section elementor-element elementor-element-bee2099 elementor-section-boxed elementor-section-height-default elementor-section-height-default\" data-id=\"bee2099\" data-element_type=\"section\" data-settings=\"{&quot;background_background&quot;:&quot;classic&quot;}\">\n\t\t\t\t\t\t<div class=\"elementor-container elementor-column-gap-default\">\n\t\t\t\t\t<div class=\"elementor-column elementor-col-100 elementor-inner-column elementor-element elementor-element-4b56ed9\" data-id=\"4b56ed9\" data-element_type=\"column\" data-settings=\"{&quot;background_background&quot;:&quot;classic&quot;}\">\n\t\t\t<div class=\"elementor-widget-wrap elementor-element-populated\">\n\t\t\t\t\t\t<div class=\"elementor-element elementor-element-15a2dae elementor-widget elementor-widget-heading\" data-id=\"15a2dae\" data-element_type=\"widget\" data-widget_type=\"heading.default\">\n\t\t\t\t<div class=\"elementor-widget-container\">\n\t\t\t<h4 class=\"elementor-heading-title elementor-size-default\">PFA HELBREDSSIKRING<\/h4>\t\t<\/div>\n\t\t\t\t<\/div>\n\t\t\t\t<div class=\"elementor-element elementor-element-6819c66 elementor-widget-divider--view-line elementor-widget elementor-widget-divider\" data-id=\"6819c66\" data-element_type=\"widget\" data-widget_type=\"divider.default\">\n\t\t\t\t<div class=\"elementor-widget-container\">\n\t\t\t\t\t<div class=\"elementor-divider\">\n\t\t\t<span class=\"elementor-divider-separator\">\n\t\t\t\t\t\t<\/span>\n\t\t<\/div>\n\t\t\t\t<\/div>\n\t\t\t\t<\/div>\n\t\t\t\t<div class=\"elementor-element elementor-element-2549562 elementor-widget elementor-widget-text-editor\" data-id=\"2549562\" data-element_type=\"widget\" data-widget_type=\"text-editor.default\">\n\t\t\t\t<div class=\"elementor-widget-container\">\n\t\t\t\t\t\t\t<p>Vi har s\u00f8rget for, at alle medlemmer med en pensionsordning i PFA har en helbredssikring eller har mulighed for at k\u00f8be forsikringen.\u00a0<\/p><p>Privatansatte medlemmer under rederiforeningerne har en helbredssikring som en del af deres pensionsordning.\u00a0<\/p><p>Er du offentlig ansat eller privatansat uden en pensionsordning i PFA, har du mulighed for at k\u00f8be forsikringen via dit medlemskab hos os.<\/p><p>Download tilmeldingsblanket og tilmeld dig\u00a0<a href=\"https:\/\/ipaper.ipapercms.dk\/MaskinmestrenesForening\/PFA\/pfa-frivillig-helbredssikring-inkl-aegtefaelle\/\" target=\"_blank\" rel=\"noopener\">her<\/a>.<\/p>\t\t\t\t\t\t<\/div>\n\t\t\t\t<\/div>\n\t\t\t\t<div class=\"elementor-element elementor-element-7103d76 elementor-widget elementor-widget-heading\" data-id=\"7103d76\" data-element_type=\"widget\" data-widget_type=\"heading.default\">\n\t\t\t\t<div class=\"elementor-widget-container\">\n\t\t\t<h4 class=\"elementor-heading-title elementor-size-default\">VIL DU VIDE MERE?<\/h4>\t\t<\/div>\n\t\t\t\t<\/div>\n\t\t\t\t<div class=\"elementor-element elementor-element-a7888b3 elementor-widget-divider--view-line elementor-widget elementor-widget-divider\" data-id=\"a7888b3\" data-element_type=\"widget\" data-widget_type=\"divider.default\">\n\t\t\t\t<div class=\"elementor-widget-container\">\n\t\t\t\t\t<div class=\"elementor-divider\">\n\t\t\t<span class=\"elementor-divider-separator\">\n\t\t\t\t\t\t<\/span>\n\t\t<\/div>\n\t\t\t\t<\/div>\n\t\t\t\t<\/div>\n\t\t\t\t<div class=\"elementor-element elementor-element-f40a47f elementor-widget elementor-widget-text-editor\" data-id=\"f40a47f\" data-element_type=\"widget\" data-widget_type=\"text-editor.default\">\n\t\t\t\t<div class=\"elementor-widget-container\">\n\t\t\t\t\t\t\t<p>Har du sp\u00f8rgsm\u00e5l, er du velkommen til at kontakte PFA.<\/p><p><strong>Maritimt ansatte:<\/strong> S\u00d8 Hotline i PFA, 7024 5026<br \/>L\u00e6s mere p\u00e5 <a href=\"https:\/\/pfa.dk\/companies\/soeordningen\/\">pfa.dk\/soeordningen<\/a><\/p><p><strong>Landansatte:<\/strong> PFA R\u00e5dgivningscenter, 7012 5000<br \/>L\u00e6s mere p\u00e5 <a href=\"https:\/\/pfa.dk\/companies\/mmf\/\" target=\"_blank\" rel=\"noopener\">pfa.dk\/mmf<\/a><\/p><p>Log p\u00e5 med NemID for at se de pr\u00e6cise forhold, som g\u00e6lder for dig.<\/p><p><em>OBS! Nogle medlemmer har fortsat en pensionsordning i gennemsnitsrente i PFA. Disse medlemmer kan se deres forsikringer og opsparing ved at logge p\u00e5\u00a0<a href=\"https:\/\/mit.pfa.dk\/\" target=\"_blank\" rel=\"noopener\">mitpfa.dk<\/a>.<\/em><\/p>\t\t\t\t\t\t<\/div>\n\t\t\t\t<\/div>\n\t\t\t\t<div class=\"elementor-element elementor-element-fb4699d elementor-widget-divider--view-line elementor-widget elementor-widget-divider\" data-id=\"fb4699d\" data-element_type=\"widget\" data-widget_type=\"divider.default\">\n\t\t\t\t<div class=\"elementor-widget-container\">\n\t\t\t\t\t<div class=\"elementor-divider\">\n\t\t\t<span class=\"elementor-divider-separator\">\n\t\t\t\t\t\t<\/span>\n\t\t<\/div>\n\t\t\t\t<\/div>\n\t\t\t\t<\/div>\n\t\t\t\t<div class=\"elementor-element elementor-element-49fe83a elementor-hidden-phone elementor-widget elementor-widget-image\" data-id=\"49fe83a\" data-element_type=\"widget\" data-widget_type=\"image.default\">\n\t\t\t\t<div class=\"elementor-widget-container\">\n\t\t\t\t\t\t\t\t\t\t\t\t\t<img fetchpriority=\"high\" decoding=\"async\" width=\"800\" height=\"390\" src=\"https:\/\/www.mmf.dk\/karriereunivers\/wp-content\/uploads\/2020\/12\/lon_right_sidebar.png\" class=\"attachment-large size-large wp-image-1983\" alt=\"\" srcset=\"https:\/\/www.mmf.dk\/karriereunivers\/wp-content\/uploads\/2020\/12\/lon_right_sidebar.png 889w, https:\/\/www.mmf.dk\/karriereunivers\/wp-content\/uploads\/2020\/12\/lon_right_sidebar-300x146.png 300w, https:\/\/www.mmf.dk\/karriereunivers\/wp-content\/uploads\/2020\/12\/lon_right_sidebar-768x374.png 768w\" sizes=\"(max-width: 800px) 100vw, 800px\" \/>\t\t\t\t\t\t\t\t\t\t\t\t\t<\/div>\n\t\t\t\t<\/div>\n\t\t\t\t\t<\/div>\n\t\t<\/div>\n\t\t\t\t\t<\/div>\n\t\t<\/section>\n\t\t\t\t\t<\/div>\n\t\t<\/div>\n\t\t\t\t\t<\/div>\n\t\t<\/section>\n\t\t\t\t\t<\/div>\n\t\t<\/div>\n\t\t\t\t\t<\/div>\n\t\t<\/section>\n\t\t\t\t<\/div>\n\t\t","protected":false},"excerpt":{"rendered":"<p>PFA PENSION Forside PFA PENSION Vi samarbejder med PFA Pension om at levere den bedst mulige pensionsordning til dig. Vi har derfor sammensat en attraktiv og konkurrencedygtig pensionsordning. Mange medlemmer har i dag deres pensionsordning i PFA, men pensionsordningen vil variere afh\u00e6ngigt af den enkeltes ans\u00e6ttelsesvilk\u00e5r. B\u00e5de privatansatte under rederiforeningerne, offentligt ansatte og \u00f8vrige privatansatte [&hellip;]<\/p>\n","protected":false},"author":2,"featured_media":0,"parent":3858,"menu_order":0,"comment_status":"closed","ping_status":"closed","template":"elementor_header_footer","meta":{"_eb_attr":"","footnotes":"","_expiration-date-status":"","_expiration-date":0,"_expiration-date-type":"","_expiration-date-categories":[],"_expiration-date-options":[]},"class_list":["post-5066","page","type-page","status-publish","hentry"],"yoast_head":"<!-- This site is optimized with the Yoast SEO plugin v24.2 - https:\/\/yoast.com\/wordpress\/plugins\/seo\/ -->\n<title>PFA Pension - Maskinmestrenes Forening<\/title>\n<meta name=\"robots\" content=\"index, follow, max-snippet:-1, max-image-preview:large, max-video-preview:-1\" \/>\n<link rel=\"canonical\" href=\"https:\/\/www.mmf.dk\/karriereunivers\/medlemsfordele\/pfa-pension\/\" \/>\n<meta property=\"og:locale\" content=\"da_DK\" \/>\n<meta property=\"og:type\" content=\"article\" \/>\n<meta property=\"og:title\" content=\"PFA Pension - Maskinmestrenes Forening\" \/>\n<meta property=\"og:description\" content=\"PFA PENSION Forside PFA PENSION Vi samarbejder med PFA Pension om at levere den bedst mulige pensionsordning til dig. Vi har derfor sammensat en attraktiv og konkurrencedygtig pensionsordning. Mange medlemmer har i dag deres pensionsordning i PFA, men pensionsordningen vil variere afh\u00e6ngigt af den enkeltes ans\u00e6ttelsesvilk\u00e5r. B\u00e5de privatansatte under rederiforeningerne, offentligt ansatte og \u00f8vrige privatansatte [&hellip;]\" \/>\n<meta property=\"og:url\" content=\"https:\/\/www.mmf.dk\/karriereunivers\/medlemsfordele\/pfa-pension\/\" \/>\n<meta property=\"og:site_name\" content=\"Maskinmestrenes Forening\" \/>\n<meta property=\"article:modified_time\" content=\"2021-10-14T13:33:55+00:00\" \/>\n<meta property=\"og:image\" content=\"https:\/\/www.mmf.dk\/karriereunivers\/wp-content\/uploads\/2020\/12\/arrangementer_kursus.png\" \/>\n<meta name=\"twitter:card\" content=\"summary_large_image\" \/>\n<meta name=\"twitter:label1\" content=\"Estimeret l\u00e6setid\" \/>\n\t<meta name=\"twitter:data1\" content=\"3 minutter\" \/>\n<script type=\"application\/ld+json\" class=\"yoast-schema-graph\">{\"@context\":\"https:\/\/schema.org\",\"@graph\":[{\"@type\":\"WebPage\",\"@id\":\"https:\/\/www.mmf.dk\/karriereunivers\/medlemsfordele\/pfa-pension\/\",\"url\":\"https:\/\/www.mmf.dk\/karriereunivers\/medlemsfordele\/pfa-pension\/\",\"name\":\"PFA Pension - Maskinmestrenes Forening\",\"isPartOf\":{\"@id\":\"https:\/\/www.mmf.dk\/karriereunivers\/#website\"},\"primaryImageOfPage\":{\"@id\":\"https:\/\/www.mmf.dk\/karriereunivers\/medlemsfordele\/pfa-pension\/#primaryimage\"},\"image\":{\"@id\":\"https:\/\/www.mmf.dk\/karriereunivers\/medlemsfordele\/pfa-pension\/#primaryimage\"},\"thumbnailUrl\":\"https:\/\/www.mmf.dk\/karriereunivers\/wp-content\/uploads\/2020\/12\/arrangementer_kursus.png\",\"datePublished\":\"2020-12-23T12:18:25+00:00\",\"dateModified\":\"2021-10-14T13:33:55+00:00\",\"breadcrumb\":{\"@id\":\"https:\/\/www.mmf.dk\/karriereunivers\/medlemsfordele\/pfa-pension\/#breadcrumb\"},\"inLanguage\":\"da-DK\",\"potentialAction\":[{\"@type\":\"ReadAction\",\"target\":[\"https:\/\/www.mmf.dk\/karriereunivers\/medlemsfordele\/pfa-pension\/\"]}]},{\"@type\":\"ImageObject\",\"inLanguage\":\"da-DK\",\"@id\":\"https:\/\/www.mmf.dk\/karriereunivers\/medlemsfordele\/pfa-pension\/#primaryimage\",\"url\":\"https:\/\/www.mmf.dk\/karriereunivers\/wp-content\/uploads\/2020\/12\/arrangementer_kursus.png\",\"contentUrl\":\"https:\/\/www.mmf.dk\/karriereunivers\/wp-content\/uploads\/2020\/12\/arrangementer_kursus.png\",\"width\":1038,\"height\":422},{\"@type\":\"BreadcrumbList\",\"@id\":\"https:\/\/www.mmf.dk\/karriereunivers\/medlemsfordele\/pfa-pension\/#breadcrumb\",\"itemListElement\":[{\"@type\":\"ListItem\",\"position\":1,\"name\":\"Forside\",\"item\":\"https:\/\/www.mmf.dk\/karriereunivers\/\"},{\"@type\":\"ListItem\",\"position\":2,\"name\":\"Medlemsfordele\",\"item\":\"https:\/\/www.mmf.dk\/karriereunivers\/medlemsfordele\/\"},{\"@type\":\"ListItem\",\"position\":3,\"name\":\"PFA Pension\"}]},{\"@type\":\"WebSite\",\"@id\":\"https:\/\/www.mmf.dk\/karriereunivers\/#website\",\"url\":\"https:\/\/www.mmf.dk\/karriereunivers\/\",\"name\":\"Maskinmestrenes Forening\",\"description\":\"\",\"publisher\":{\"@id\":\"https:\/\/www.mmf.dk\/karriereunivers\/#organization\"},\"potentialAction\":[{\"@type\":\"SearchAction\",\"target\":{\"@type\":\"EntryPoint\",\"urlTemplate\":\"https:\/\/www.mmf.dk\/karriereunivers\/?s={search_term_string}\"},\"query-input\":{\"@type\":\"PropertyValueSpecification\",\"valueRequired\":true,\"valueName\":\"search_term_string\"}}],\"inLanguage\":\"da-DK\"},{\"@type\":\"Organization\",\"@id\":\"https:\/\/www.mmf.dk\/karriereunivers\/#organization\",\"name\":\"Maskinmestrenes Forening\",\"url\":\"https:\/\/www.mmf.dk\/karriereunivers\/\",\"logo\":{\"@type\":\"ImageObject\",\"inLanguage\":\"da-DK\",\"@id\":\"https:\/\/www.mmf.dk\/karriereunivers\/#\/schema\/logo\/image\/\",\"url\":\"https:\/\/www.mmf.dk\/karriereunivers\/wp-content\/uploads\/2022\/03\/logo.svg\",\"contentUrl\":\"https:\/\/www.mmf.dk\/karriereunivers\/wp-content\/uploads\/2022\/03\/logo.svg\",\"width\":1,\"height\":1,\"caption\":\"Maskinmestrenes Forening\"},\"image\":{\"@id\":\"https:\/\/www.mmf.dk\/karriereunivers\/#\/schema\/logo\/image\/\"}}]}<\/script>\n<!-- \/ Yoast SEO plugin. -->","yoast_head_json":{"title":"PFA Pension - Maskinmestrenes Forening","robots":{"index":"index","follow":"follow","max-snippet":"max-snippet:-1","max-image-preview":"max-image-preview:large","max-video-preview":"max-video-preview:-1"},"canonical":"https:\/\/www.mmf.dk\/karriereunivers\/medlemsfordele\/pfa-pension\/","og_locale":"da_DK","og_type":"article","og_title":"PFA Pension - Maskinmestrenes Forening","og_description":"PFA PENSION Forside PFA PENSION Vi samarbejder med PFA Pension om at levere den bedst mulige pensionsordning til dig. Vi har derfor sammensat en attraktiv og konkurrencedygtig pensionsordning. Mange medlemmer har i dag deres pensionsordning i PFA, men pensionsordningen vil variere afh\u00e6ngigt af den enkeltes ans\u00e6ttelsesvilk\u00e5r. B\u00e5de privatansatte under rederiforeningerne, offentligt ansatte og \u00f8vrige privatansatte [&hellip;]","og_url":"https:\/\/www.mmf.dk\/karriereunivers\/medlemsfordele\/pfa-pension\/","og_site_name":"Maskinmestrenes Forening","article_modified_time":"2021-10-14T13:33:55+00:00","og_image":[{"url":"https:\/\/www.mmf.dk\/karriereunivers\/wp-content\/uploads\/2020\/12\/arrangementer_kursus.png","type":"","width":"","height":""}],"twitter_card":"summary_large_image","twitter_misc":{"Estimeret l\u00e6setid":"3 minutter"},"schema":{"@context":"https:\/\/schema.org","@graph":[{"@type":"WebPage","@id":"https:\/\/www.mmf.dk\/karriereunivers\/medlemsfordele\/pfa-pension\/","url":"https:\/\/www.mmf.dk\/karriereunivers\/medlemsfordele\/pfa-pension\/","name":"PFA Pension - Maskinmestrenes Forening","isPartOf":{"@id":"https:\/\/www.mmf.dk\/karriereunivers\/#website"},"primaryImageOfPage":{"@id":"https:\/\/www.mmf.dk\/karriereunivers\/medlemsfordele\/pfa-pension\/#primaryimage"},"image":{"@id":"https:\/\/www.mmf.dk\/karriereunivers\/medlemsfordele\/pfa-pension\/#primaryimage"},"thumbnailUrl":"https:\/\/www.mmf.dk\/karriereunivers\/wp-content\/uploads\/2020\/12\/arrangementer_kursus.png","datePublished":"2020-12-23T12:18:25+00:00","dateModified":"2021-10-14T13:33:55+00:00","breadcrumb":{"@id":"https:\/\/www.mmf.dk\/karriereunivers\/medlemsfordele\/pfa-pension\/#breadcrumb"},"inLanguage":"da-DK","potentialAction":[{"@type":"ReadAction","target":["https:\/\/www.mmf.dk\/karriereunivers\/medlemsfordele\/pfa-pension\/"]}]},{"@type":"ImageObject","inLanguage":"da-DK","@id":"https:\/\/www.mmf.dk\/karriereunivers\/medlemsfordele\/pfa-pension\/#primaryimage","url":"https:\/\/www.mmf.dk\/karriereunivers\/wp-content\/uploads\/2020\/12\/arrangementer_kursus.png","contentUrl":"https:\/\/www.mmf.dk\/karriereunivers\/wp-content\/uploads\/2020\/12\/arrangementer_kursus.png","width":1038,"height":422},{"@type":"BreadcrumbList","@id":"https:\/\/www.mmf.dk\/karriereunivers\/medlemsfordele\/pfa-pension\/#breadcrumb","itemListElement":[{"@type":"ListItem","position":1,"name":"Forside","item":"https:\/\/www.mmf.dk\/karriereunivers\/"},{"@type":"ListItem","position":2,"name":"Medlemsfordele","item":"https:\/\/www.mmf.dk\/karriereunivers\/medlemsfordele\/"},{"@type":"ListItem","position":3,"name":"PFA Pension"}]},{"@type":"WebSite","@id":"https:\/\/www.mmf.dk\/karriereunivers\/#website","url":"https:\/\/www.mmf.dk\/karriereunivers\/","name":"Maskinmestrenes Forening","description":"","publisher":{"@id":"https:\/\/www.mmf.dk\/karriereunivers\/#organization"},"potentialAction":[{"@type":"SearchAction","target":{"@type":"EntryPoint","urlTemplate":"https:\/\/www.mmf.dk\/karriereunivers\/?s={search_term_string}"},"query-input":{"@type":"PropertyValueSpecification","valueRequired":true,"valueName":"search_term_string"}}],"inLanguage":"da-DK"},{"@type":"Organization","@id":"https:\/\/www.mmf.dk\/karriereunivers\/#organization","name":"Maskinmestrenes Forening","url":"https:\/\/www.mmf.dk\/karriereunivers\/","logo":{"@type":"ImageObject","inLanguage":"da-DK","@id":"https:\/\/www.mmf.dk\/karriereunivers\/#\/schema\/logo\/image\/","url":"https:\/\/www.mmf.dk\/karriereunivers\/wp-content\/uploads\/2022\/03\/logo.svg","contentUrl":"https:\/\/www.mmf.dk\/karriereunivers\/wp-content\/uploads\/2022\/03\/logo.svg","width":1,"height":1,"caption":"Maskinmestrenes Forening"},"image":{"@id":"https:\/\/www.mmf.dk\/karriereunivers\/#\/schema\/logo\/image\/"}}]}},"_links":{"self":[{"href":"https:\/\/www.mmf.dk\/karriereunivers\/wp-json\/wp\/v2\/pages\/5066"}],"collection":[{"href":"https:\/\/www.mmf.dk\/karriereunivers\/wp-json\/wp\/v2\/pages"}],"about":[{"href":"https:\/\/www.mmf.dk\/karriereunivers\/wp-json\/wp\/v2\/types\/page"}],"author":[{"embeddable":true,"href":"https:\/\/www.mmf.dk\/karriereunivers\/wp-json\/wp\/v2\/users\/2"}],"replies":[{"embeddable":true,"href":"https:\/\/www.mmf.dk\/karriereunivers\/wp-json\/wp\/v2\/comments?post=5066"}],"version-history":[{"count":18,"href":"https:\/\/www.mmf.dk\/karriereunivers\/wp-json\/wp\/v2\/pages\/5066\/revisions"}],"predecessor-version":[{"id":20105,"href":"https:\/\/www.mmf.dk\/karriereunivers\/wp-json\/wp\/v2\/pages\/5066\/revisions\/20105"}],"up":[{"embeddable":true,"href":"https:\/\/www.mmf.dk\/karriereunivers\/wp-json\/wp\/v2\/pages\/3858"}],"wp:attachment":[{"href":"https:\/\/www.mmf.dk\/karriereunivers\/wp-json\/wp\/v2\/media?parent=5066"}],"curies":[{"name":"wp","href":"https:\/\/api.w.org\/{rel}","templated":true}]}}