{"id":8878,"date":"2021-01-21T23:12:53","date_gmt":"2021-01-21T23:12:53","guid":{"rendered":"http:\/\/18.159.34.149\/?page_id=8878"},"modified":"2022-12-20T11:58:54","modified_gmt":"2022-12-20T11:58:54","slug":"persondata-og-cookiepolitik","status":"publish","type":"page","link":"https:\/\/www.mmf.dk\/karriereunivers\/persondata-og-cookiepolitik\/","title":{"rendered":"Persondata- og cookiepolitik"},"content":{"rendered":"\t\t<div data-elementor-type=\"wp-page\" data-elementor-id=\"8878\" class=\"elementor elementor-8878\" data-elementor-post-type=\"page\">\n\t\t\t\t\t\t<section class=\"elementor-section elementor-top-section elementor-element elementor-element-4acc465 elementor-section-boxed elementor-section-height-default elementor-section-height-default\" data-id=\"4acc465\" data-element_type=\"section\" data-settings=\"{&quot;background_background&quot;:&quot;classic&quot;}\">\n\t\t\t\t\t\t<div class=\"elementor-container elementor-column-gap-no\">\n\t\t\t\t\t<div class=\"elementor-column elementor-col-100 elementor-top-column elementor-element elementor-element-3f7e4dd home-banner\" data-id=\"3f7e4dd\" data-element_type=\"column\">\n\t\t\t<div class=\"elementor-widget-wrap\">\n\t\t\t\t\t\t\t<\/div>\n\t\t<\/div>\n\t\t\t\t\t<\/div>\n\t\t<\/section>\n\t\t\t\t<section class=\"elementor-section elementor-top-section elementor-element elementor-element-cefba32 elementor-section-boxed elementor-section-height-default elementor-section-height-default\" data-id=\"cefba32\" data-element_type=\"section\" data-settings=\"{&quot;background_background&quot;:&quot;classic&quot;}\">\n\t\t\t\t\t\t<div class=\"elementor-container elementor-column-gap-no\">\n\t\t\t\t\t<div class=\"elementor-column elementor-col-100 elementor-top-column elementor-element elementor-element-e19d27f home-banner\" data-id=\"e19d27f\" data-element_type=\"column\" data-settings=\"{&quot;background_background&quot;:&quot;classic&quot;}\">\n\t\t\t<div class=\"elementor-widget-wrap elementor-element-populated\">\n\t\t\t\t\t\t<section class=\"elementor-section elementor-inner-section elementor-element elementor-element-40d7d23 elementor-section-boxed elementor-section-height-default elementor-section-height-default\" data-id=\"40d7d23\" data-element_type=\"section\">\n\t\t\t\t\t\t<div class=\"elementor-container elementor-column-gap-default\">\n\t\t\t\t\t<div class=\"elementor-column elementor-col-66 elementor-inner-column elementor-element elementor-element-8597923\" data-id=\"8597923\" data-element_type=\"column\">\n\t\t\t<div class=\"elementor-widget-wrap elementor-element-populated\">\n\t\t\t\t\t\t<div class=\"elementor-element elementor-element-8f207f3 elementor-widget elementor-widget-heading\" data-id=\"8f207f3\" data-element_type=\"widget\" data-widget_type=\"heading.default\">\n\t\t\t\t<div class=\"elementor-widget-container\">\n\t\t\t<h3 class=\"elementor-heading-title elementor-size-default\">Persondata- og cookiepolitik<\/h3>\t\t<\/div>\n\t\t\t\t<\/div>\n\t\t\t\t<div class=\"elementor-element elementor-element-5bd2f52 elementor-widget elementor-widget-text-editor\" data-id=\"5bd2f52\" data-element_type=\"widget\" data-widget_type=\"text-editor.default\">\n\t\t\t\t<div class=\"elementor-widget-container\">\n\t\t\t\t\t\t\t<header class=\"header-fixed\">\n<h1><strong style=\"font-size: 16px;\">Politik om persondata<\/strong><\/h1>\n<\/header>\n<section>Maskinmestrenes Forening, herefter ben\u00e6vnt MF, respekterer din personlige integritet, og vi arbejder fortroligt og sikkert med dine persondata.<p><\/p>\n<p>Ved indmeldelse i MF betror du os dine oplysninger. Personoplysningerne registreres i vores medlemssystem og behandles fortroligt. MF har desuden adgang til at indhente adresseoplysninger fra de Centrale Personregister.<\/p>\n<p>Oplysninger registreres med det form\u00e5l, at MF bedst muligt kan yde dig r\u00e5dgivning og varetage dine interesser, s\u00e5 l\u00e6nge du er medlem af foreningen.<\/p>\n<p>Personoplysninger vil blive opbevaret uden tidsm\u00e6ssig begr\u00e6nsning, s\u00e5 l\u00e6nge at du er medlem af MF. Ved udmeldelse af MF vil personoplysninger som udgangspunkt blive opbevaret i 10 \u00e5r, medmindre opbevaringen er p\u00e5kr\u00e6vet i henhold til g\u00e6ldende lovgivning.<\/p>\n<p>MF videregiver kun oplysninger til andre parter, n\u00e5r det er foreskrevet i lovgivningen, herunder administration af overenskomster, pensions- og forsikringsvilk\u00e5r. I disse tilf\u00e6lde kan MF videregive oplysninger til tredjeparter.<\/p>\n<p>Du har ret til enhver tid ret til at anmode MF om indsigt, berigtigelse, sletning og begr\u00e6nsning af din personoplysninger samt ret til dataportabilitet.<\/p>\n<p>N\u00e5r du melder dig ind i MF, skriver du under p\u00e5, at du er bekendt med de love og vedt\u00e6gter, der g\u00e6lder for MF medlemmer.<\/p>\n<p>MF beliggende p\u00e5 Sankt Ann\u00e6 Plads 16, 1250 K\u00f8benhavn er dataansvarlig for behandlingen af dine personoplysninger. Vi kan kontaktes p\u00e5&nbsp;<a href=\"mailto:mf@mmf.dk\">mf@mmf.dk<\/a>.<\/p>\n<p>Hvis du er utilfreds med den m\u00e5de, vi behandler dine personoplysninger p\u00e5, har du ret til indgive en klage til Datatilsynet. Du finder Datatilsynets kontaktoplysninger p\u00e5&nbsp;<a href=\"http:\/\/www.datatilsynet.dk\/\" target=\"_blank\" rel=\"noopener\">www.datatilsynet.dk<\/a><\/p>\n<p><strong>Politik om cookies<\/strong><\/p>\n<p>Maskinmestrenes Forening benytter cookies, som er en lille tekstfil, der lagres i din browser og genkendes af vores website ved tilbagevendende bes\u00f8g. Cookies kan indeholde tekst og tal, men der er ingen personlige oplysninger gemt i vores cookies.<\/p>\n<p><strong>Cookiedeklaration<\/strong><\/p>\n<table id=\"CookieTable\" class=\"table table-striped table-bordered mb-5\">\n<thead>\n<tr>\n<th scope=\"col\">Cookie<\/th>\n<th scope=\"col\">Beskrivelse<\/th>\n<th scope=\"col\">Varighed<\/th>\n<th scope=\"col\">Type<\/th>\n<\/tr>\n<\/thead>\n<tbody>\n<tr>\n<td>_ga<\/td>\n<td>Denne cookie er installeret af Google Analytics. Cookien bruges til at beregne bes\u00f8gende, session, kampagnedata og holde styr p\u00e5 webstedsanvendelsen til webstedets analyserapport. Cookies lagrer information anonymt og tildeler et tilf\u00e6ldigt genereret nummer til at identificere unikke bes\u00f8gende.<\/td>\n<td>2&nbsp;\u00e5r<\/td>\n<td>Analyse<\/td>\n<\/tr>\n<tr>\n<td>_gid<\/td>\n<td>Denne cookie er installeret af Google Analytics. Cookien bruges til at gemme oplysninger om, hvordan bes\u00f8gende bruger et websted, og hj\u00e6lper med at oprette en analyserapport om, hvordan wbsite har det. De indsamlede data inklusive antallet af bes\u00f8gende, kilden, hvor de er kommet fra, og siderne blev vist i en anonym form.<\/td>\n<td>1&nbsp;dag<\/td>\n<td>Analyse<\/td>\n<\/tr>\n<tr>\n<td>_gat_gtag_UA_106536204_1<\/td>\n<td>Google bruger denne cookie til at skelne brugere.<\/td>\n<td>1&nbsp;minut<\/td>\n<td>Analyse<\/td>\n<\/tr>\n<tr>\n<td>cookielawinfo-checkbox<\/td>\n<td>Denne cookie bruges til GDPR indstillinger<\/td>\n<td>1&nbsp;\u00e5r<\/td>\n<td>N\u00f8dvendig<\/td>\n<\/tr>\n<\/tbody>\n<\/table>\n<p>Vi bruger cookies for at fastl\u00e6gge, hvem der bes\u00f8ger vores website, samt til at f\u00f8re demografiske og brugerrelaterede statistikker. P\u00e5 den m\u00e5de f\u00e5r Maskinmestrenes Forening mulighed for at tilpasse og oprette indhold og tjenester, der stemmer overens med dine og \u00f8vrige brugeres interesser og \u00f8nsker.<\/p>\n<p>Hvis du \u00f8nsker n\u00e6rmere oplysninger om dette website og brugen af cookies, er du velkommen til at kontakte os<\/p>\n<p><strong>Maskinmestrenes Forening<\/strong><br>\nSankt Ann\u00e6 Plads 16<br>\n1250 K\u00f8benhavn<\/p>\n<p>Tlf. 3336 4920<br>\nE-mail:&nbsp;<a href=\"mailto:mf@mmf.dk\">mf@mmf.dk<\/a><\/p>\n<\/section>\t\t\t\t\t\t<\/div>\n\t\t\t\t<\/div>\n\t\t\t\t\t<\/div>\n\t\t<\/div>\n\t\t\t\t<div class=\"elementor-column elementor-col-33 elementor-inner-column elementor-element elementor-element-c73f3f1 home-banner\" data-id=\"c73f3f1\" data-element_type=\"column\" data-settings=\"{&quot;background_background&quot;:&quot;classic&quot;}\">\n\t\t\t<div class=\"elementor-widget-wrap\">\n\t\t\t\t\t\t\t<\/div>\n\t\t<\/div>\n\t\t\t\t\t<\/div>\n\t\t<\/section>\n\t\t\t\t\t<\/div>\n\t\t<\/div>\n\t\t\t\t\t<\/div>\n\t\t<\/section>\n\t\t\t\t<\/div>\n\t\t","protected":false},"excerpt":{"rendered":"<p>PERSONDATA &amp; COOKIEPOLITIK Forside Persondata- og cookiepolitik Politik om persondata Maskinmestrenes Forening, herefter ben\u00e6vnt MF, respekterer din personlige integritet, og vi arbejder fortroligt og sikkert med dine persondata. Ved indmeldelse i MF betror du os dine oplysninger. Personoplysningerne registreres i vores medlemssystem og behandles fortroligt. MF har desuden adgang til at indhente adresseoplysninger fra de [&hellip;]<\/p>\n","protected":false},"author":2,"featured_media":0,"parent":0,"menu_order":0,"comment_status":"closed","ping_status":"closed","template":"elementor_header_footer","meta":{"_eb_attr":"","footnotes":"","_expiration-date-status":"","_expiration-date":1671533926,"_expiration-date-type":"draft","_expiration-date-categories":[],"_expiration-date-options":[]},"class_list":["post-8878","page","type-page","status-publish","hentry"],"yoast_head":"<!-- This site is optimized with the Yoast SEO plugin v24.2 - https:\/\/yoast.com\/wordpress\/plugins\/seo\/ -->\n<title>Persondata- og cookiepolitik - Maskinmestrenes Forening<\/title>\n<meta name=\"robots\" content=\"index, follow, max-snippet:-1, max-image-preview:large, max-video-preview:-1\" \/>\n<link rel=\"canonical\" href=\"https:\/\/www.mmf.dk\/karriereunivers\/?page_id=8878\" \/>\n<meta property=\"og:locale\" content=\"da_DK\" \/>\n<meta property=\"og:type\" content=\"article\" \/>\n<meta property=\"og:title\" content=\"Persondata- og cookiepolitik - Maskinmestrenes Forening\" \/>\n<meta property=\"og:description\" content=\"PERSONDATA &amp; COOKIEPOLITIK Forside Persondata- og cookiepolitik Politik om persondata Maskinmestrenes Forening, herefter ben\u00e6vnt MF, respekterer din personlige integritet, og vi arbejder fortroligt og sikkert med dine persondata. Ved indmeldelse i MF betror du os dine oplysninger. Personoplysningerne registreres i vores medlemssystem og behandles fortroligt. MF har desuden adgang til at indhente adresseoplysninger fra de [&hellip;]\" \/>\n<meta property=\"og:url\" content=\"https:\/\/www.mmf.dk\/karriereunivers\/?page_id=8878\" \/>\n<meta property=\"og:site_name\" content=\"Maskinmestrenes Forening\" \/>\n<meta property=\"article:modified_time\" content=\"2022-12-20T11:58:54+00:00\" \/>\n<meta property=\"og:image\" content=\"https:\/\/www.mmf.dk\/karriereunivers\/wp-content\/uploads\/2020\/12\/ansaettelse.png\" \/>\n<meta name=\"twitter:card\" content=\"summary_large_image\" \/>\n<meta name=\"twitter:label1\" content=\"Estimeret l\u00e6setid\" \/>\n\t<meta name=\"twitter:data1\" content=\"3 minutter\" \/>\n<script type=\"application\/ld+json\" class=\"yoast-schema-graph\">{\"@context\":\"https:\/\/schema.org\",\"@graph\":[{\"@type\":\"WebPage\",\"@id\":\"https:\/\/www.mmf.dk\/karriereunivers\/?page_id=8878\",\"url\":\"https:\/\/www.mmf.dk\/karriereunivers\/?page_id=8878\",\"name\":\"Persondata- og cookiepolitik - Maskinmestrenes Forening\",\"isPartOf\":{\"@id\":\"https:\/\/www.mmf.dk\/karriereunivers\/#website\"},\"primaryImageOfPage\":{\"@id\":\"https:\/\/www.mmf.dk\/karriereunivers\/?page_id=8878#primaryimage\"},\"image\":{\"@id\":\"https:\/\/www.mmf.dk\/karriereunivers\/?page_id=8878#primaryimage\"},\"thumbnailUrl\":\"https:\/\/www.mmf.dk\/karriereunivers\/wp-content\/uploads\/2020\/12\/ansaettelse.png\",\"datePublished\":\"2021-01-21T23:12:53+00:00\",\"dateModified\":\"2022-12-20T11:58:54+00:00\",\"breadcrumb\":{\"@id\":\"https:\/\/www.mmf.dk\/karriereunivers\/?page_id=8878#breadcrumb\"},\"inLanguage\":\"da-DK\",\"potentialAction\":[{\"@type\":\"ReadAction\",\"target\":[\"https:\/\/www.mmf.dk\/karriereunivers\/?page_id=8878\"]}]},{\"@type\":\"ImageObject\",\"inLanguage\":\"da-DK\",\"@id\":\"https:\/\/www.mmf.dk\/karriereunivers\/?page_id=8878#primaryimage\",\"url\":\"https:\/\/www.mmf.dk\/karriereunivers\/wp-content\/uploads\/2020\/12\/ansaettelse.png\",\"contentUrl\":\"https:\/\/www.mmf.dk\/karriereunivers\/wp-content\/uploads\/2020\/12\/ansaettelse.png\"},{\"@type\":\"BreadcrumbList\",\"@id\":\"https:\/\/www.mmf.dk\/karriereunivers\/?page_id=8878#breadcrumb\",\"itemListElement\":[{\"@type\":\"ListItem\",\"position\":1,\"name\":\"Forside\",\"item\":\"https:\/\/www.mmf.dk\/karriereunivers\/\"},{\"@type\":\"ListItem\",\"position\":2,\"name\":\"Persondata- og cookiepolitik\"}]},{\"@type\":\"WebSite\",\"@id\":\"https:\/\/www.mmf.dk\/karriereunivers\/#website\",\"url\":\"https:\/\/www.mmf.dk\/karriereunivers\/\",\"name\":\"Maskinmestrenes Forening\",\"description\":\"\",\"publisher\":{\"@id\":\"https:\/\/www.mmf.dk\/karriereunivers\/#organization\"},\"potentialAction\":[{\"@type\":\"SearchAction\",\"target\":{\"@type\":\"EntryPoint\",\"urlTemplate\":\"https:\/\/www.mmf.dk\/karriereunivers\/?s={search_term_string}\"},\"query-input\":{\"@type\":\"PropertyValueSpecification\",\"valueRequired\":true,\"valueName\":\"search_term_string\"}}],\"inLanguage\":\"da-DK\"},{\"@type\":\"Organization\",\"@id\":\"https:\/\/www.mmf.dk\/karriereunivers\/#organization\",\"name\":\"Maskinmestrenes Forening\",\"url\":\"https:\/\/www.mmf.dk\/karriereunivers\/\",\"logo\":{\"@type\":\"ImageObject\",\"inLanguage\":\"da-DK\",\"@id\":\"https:\/\/www.mmf.dk\/karriereunivers\/#\/schema\/logo\/image\/\",\"url\":\"https:\/\/www.mmf.dk\/karriereunivers\/wp-content\/uploads\/2022\/03\/logo.svg\",\"contentUrl\":\"https:\/\/www.mmf.dk\/karriereunivers\/wp-content\/uploads\/2022\/03\/logo.svg\",\"width\":1,\"height\":1,\"caption\":\"Maskinmestrenes Forening\"},\"image\":{\"@id\":\"https:\/\/www.mmf.dk\/karriereunivers\/#\/schema\/logo\/image\/\"}}]}<\/script>\n<!-- \/ Yoast SEO plugin. -->","yoast_head_json":{"title":"Persondata- og cookiepolitik - Maskinmestrenes Forening","robots":{"index":"index","follow":"follow","max-snippet":"max-snippet:-1","max-image-preview":"max-image-preview:large","max-video-preview":"max-video-preview:-1"},"canonical":"https:\/\/www.mmf.dk\/karriereunivers\/?page_id=8878","og_locale":"da_DK","og_type":"article","og_title":"Persondata- og cookiepolitik - Maskinmestrenes Forening","og_description":"PERSONDATA &amp; COOKIEPOLITIK Forside Persondata- og cookiepolitik Politik om persondata Maskinmestrenes Forening, herefter ben\u00e6vnt MF, respekterer din personlige integritet, og vi arbejder fortroligt og sikkert med dine persondata. Ved indmeldelse i MF betror du os dine oplysninger. Personoplysningerne registreres i vores medlemssystem og behandles fortroligt. MF har desuden adgang til at indhente adresseoplysninger fra de [&hellip;]","og_url":"https:\/\/www.mmf.dk\/karriereunivers\/?page_id=8878","og_site_name":"Maskinmestrenes Forening","article_modified_time":"2022-12-20T11:58:54+00:00","og_image":[{"url":"https:\/\/www.mmf.dk\/karriereunivers\/wp-content\/uploads\/2020\/12\/ansaettelse.png","type":"","width":"","height":""}],"twitter_card":"summary_large_image","twitter_misc":{"Estimeret l\u00e6setid":"3 minutter"},"schema":{"@context":"https:\/\/schema.org","@graph":[{"@type":"WebPage","@id":"https:\/\/www.mmf.dk\/karriereunivers\/?page_id=8878","url":"https:\/\/www.mmf.dk\/karriereunivers\/?page_id=8878","name":"Persondata- og cookiepolitik - Maskinmestrenes Forening","isPartOf":{"@id":"https:\/\/www.mmf.dk\/karriereunivers\/#website"},"primaryImageOfPage":{"@id":"https:\/\/www.mmf.dk\/karriereunivers\/?page_id=8878#primaryimage"},"image":{"@id":"https:\/\/www.mmf.dk\/karriereunivers\/?page_id=8878#primaryimage"},"thumbnailUrl":"https:\/\/www.mmf.dk\/karriereunivers\/wp-content\/uploads\/2020\/12\/ansaettelse.png","datePublished":"2021-01-21T23:12:53+00:00","dateModified":"2022-12-20T11:58:54+00:00","breadcrumb":{"@id":"https:\/\/www.mmf.dk\/karriereunivers\/?page_id=8878#breadcrumb"},"inLanguage":"da-DK","potentialAction":[{"@type":"ReadAction","target":["https:\/\/www.mmf.dk\/karriereunivers\/?page_id=8878"]}]},{"@type":"ImageObject","inLanguage":"da-DK","@id":"https:\/\/www.mmf.dk\/karriereunivers\/?page_id=8878#primaryimage","url":"https:\/\/www.mmf.dk\/karriereunivers\/wp-content\/uploads\/2020\/12\/ansaettelse.png","contentUrl":"https:\/\/www.mmf.dk\/karriereunivers\/wp-content\/uploads\/2020\/12\/ansaettelse.png"},{"@type":"BreadcrumbList","@id":"https:\/\/www.mmf.dk\/karriereunivers\/?page_id=8878#breadcrumb","itemListElement":[{"@type":"ListItem","position":1,"name":"Forside","item":"https:\/\/www.mmf.dk\/karriereunivers\/"},{"@type":"ListItem","position":2,"name":"Persondata- og cookiepolitik"}]},{"@type":"WebSite","@id":"https:\/\/www.mmf.dk\/karriereunivers\/#website","url":"https:\/\/www.mmf.dk\/karriereunivers\/","name":"Maskinmestrenes Forening","description":"","publisher":{"@id":"https:\/\/www.mmf.dk\/karriereunivers\/#organization"},"potentialAction":[{"@type":"SearchAction","target":{"@type":"EntryPoint","urlTemplate":"https:\/\/www.mmf.dk\/karriereunivers\/?s={search_term_string}"},"query-input":{"@type":"PropertyValueSpecification","valueRequired":true,"valueName":"search_term_string"}}],"inLanguage":"da-DK"},{"@type":"Organization","@id":"https:\/\/www.mmf.dk\/karriereunivers\/#organization","name":"Maskinmestrenes Forening","url":"https:\/\/www.mmf.dk\/karriereunivers\/","logo":{"@type":"ImageObject","inLanguage":"da-DK","@id":"https:\/\/www.mmf.dk\/karriereunivers\/#\/schema\/logo\/image\/","url":"https:\/\/www.mmf.dk\/karriereunivers\/wp-content\/uploads\/2022\/03\/logo.svg","contentUrl":"https:\/\/www.mmf.dk\/karriereunivers\/wp-content\/uploads\/2022\/03\/logo.svg","width":1,"height":1,"caption":"Maskinmestrenes Forening"},"image":{"@id":"https:\/\/www.mmf.dk\/karriereunivers\/#\/schema\/logo\/image\/"}}]}},"_links":{"self":[{"href":"https:\/\/www.mmf.dk\/karriereunivers\/wp-json\/wp\/v2\/pages\/8878"}],"collection":[{"href":"https:\/\/www.mmf.dk\/karriereunivers\/wp-json\/wp\/v2\/pages"}],"about":[{"href":"https:\/\/www.mmf.dk\/karriereunivers\/wp-json\/wp\/v2\/types\/page"}],"author":[{"embeddable":true,"href":"https:\/\/www.mmf.dk\/karriereunivers\/wp-json\/wp\/v2\/users\/2"}],"replies":[{"embeddable":true,"href":"https:\/\/www.mmf.dk\/karriereunivers\/wp-json\/wp\/v2\/comments?post=8878"}],"version-history":[{"count":16,"href":"https:\/\/www.mmf.dk\/karriereunivers\/wp-json\/wp\/v2\/pages\/8878\/revisions"}],"predecessor-version":[{"id":24569,"href":"https:\/\/www.mmf.dk\/karriereunivers\/wp-json\/wp\/v2\/pages\/8878\/revisions\/24569"}],"wp:attachment":[{"href":"https:\/\/www.mmf.dk\/karriereunivers\/wp-json\/wp\/v2\/media?parent=8878"}],"curies":[{"name":"wp","href":"https:\/\/api.w.org\/{rel}","templated":true}]}}